{"id":1461,"date":"2023-01-18T04:22:31","date_gmt":"2023-01-18T04:22:31","guid":{"rendered":"https:\/\/kemayutravel.com\/?page_id=1461"},"modified":"2023-02-20T20:43:50","modified_gmt":"2023-02-20T20:43:50","slug":"jordan","status":"publish","type":"page","link":"https:\/\/kemayutravel.com\/index.php\/jordan\/","title":{"rendered":"JORD\u00c1N"},"content":{"rendered":"<div style=\"width: 640px;\" class=\"wp-video\"><!--[if lt IE 9]><script>document.createElement('video');<\/script><![endif]-->\n<video class=\"wp-video-shortcode\" id=\"video-1461-1\" width=\"640\" height=\"360\" preload=\"metadata\" controls=\"controls\"><source type=\"video\/mp4\" src=\"https:\/\/kemayutravel.com\/wp-content\/uploads\/2023\/01\/JordA\u00a1n-137573.mp4?_=1\" \/><a href=\"https:\/\/kemayutravel.com\/wp-content\/uploads\/2023\/01\/JordA\u00a1n-137573.mp4\">https:\/\/kemayutravel.com\/wp-content\/uploads\/2023\/01\/JordA\u00a1n-137573.mp4<\/a><\/video><\/div>\n<style>\/*! elementor - v3.10.2 - 29-01-2023 *\/\n.elementor-heading-title{padding:0;margin:0;line-height:1}.elementor-widget-heading .elementor-heading-title[class*=elementor-size-]>a{color:inherit;font-size:inherit;line-height:inherit}.elementor-widget-heading .elementor-heading-title.elementor-size-small{font-size:15px}.elementor-widget-heading .elementor-heading-title.elementor-size-medium{font-size:19px}.elementor-widget-heading .elementor-heading-title.elementor-size-large{font-size:29px}.elementor-widget-heading .elementor-heading-title.elementor-size-xl{font-size:39px}.elementor-widget-heading .elementor-heading-title.elementor-size-xxl{font-size:59px}<\/style>\n<h4>JORD\u00c1N<\/h4>\n<style>\/*! elementor - v3.10.2 - 29-01-2023 *\/\n.elementor-widget-image-carousel .swiper-container{position:static}.elementor-widget-image-carousel .swiper-container .swiper-slide figure{line-height:inherit}.elementor-widget-image-carousel .swiper-slide{text-align:center}.elementor-image-carousel-wrapper:not(.swiper-container-initialized) .swiper-slide{max-width:calc(100% \/ var(--e-image-carousel-slides-to-show, 3))}<\/style>\n<figure><img decoding=\"async\" src=\"https:\/\/kemayutravel.com\/wp-content\/uploads\/2023\/01\/WhatsApp-Image-2023-01-21-at-12.34.27-AM-2.jpeg\" alt=\"WhatsApp Image 2023-01-21 at 12.34.27 AM (2)\" \/><\/figure>\n<figure><img decoding=\"async\" src=\"https:\/\/kemayutravel.com\/wp-content\/uploads\/2023\/01\/WhatsApp-Image-2023-01-21-at-12.34.27-AM-1.jpeg\" alt=\"WhatsApp Image 2023-01-21 at 12.34.27 AM (1)\" \/><\/figure>\n<figure><img decoding=\"async\" src=\"https:\/\/kemayutravel.com\/wp-content\/uploads\/2023\/01\/WhatsApp-Image-2023-01-21-at-12.34.27-AM.jpeg\" alt=\"WhatsApp Image 2023-01-21 at 12.34.27 AM\" \/><\/figure>\n<figure><img decoding=\"async\" src=\"https:\/\/kemayutravel.com\/wp-content\/uploads\/2023\/01\/WhatsApp-Image-2023-01-21-at-12.34.26-AM.jpeg\" alt=\"WhatsApp Image 2023-01-21 at 12.34.26 AM\" \/><\/figure>\n<p>\t\t\t\t\t\t\t\t\t\t\t\tAnterior<br \/>\n\t\t\t\t\t\t\t\t\t\t\t\tSiguiente<\/p>\n<p>Jordan is a far away and exotic country found in the Middle East, in Asia. The Arab influences are reflected in its architecture and its tourist sites, which are covered by a tradition that contains a mystical and surprising atmosphere.<\/p>\n<style>\/*! elementor - v3.10.2 - 29-01-2023 *\/\n.elementor-widget-image{text-align:center}.elementor-widget-image a{display:inline-block}.elementor-widget-image a img[src$=\".svg\"]{width:48px}.elementor-widget-image img{vertical-align:middle;display:inline-block}<\/style>\n<p>\t\t\t\t\t\t\t\t\t\t\t\t<img decoding=\"async\" width=\"127\" height=\"130\" src=\"https:\/\/kemayutravel.com\/wp-content\/uploads\/2020\/02\/star.png\" alt=\"\" loading=\"lazy\" \/>\n\t\t\t<link rel=\"stylesheet\" href=\"https:\/\/kemayutravel.com\/wp-content\/plugins\/pro-elements\/assets\/css\/widget-animated-headline.min.css\">\n<h3>\n\t\t\t\t\tJORD\u00c1N TOUR<br \/>\n\t\t\t\tPACKAGES<br \/>\n\t\t\t\t<\/h3>\n<p>Explore amazing landmarks, connect with history as you see what Jordan.<\/p>\n<h4>Tourist Package\u00a0jordan legends<\/h4>\n<p>\t\t\t\t\t\t\t\t\t\t\t\t\t\t\t<img decoding=\"async\" width=\"800\" height=\"534\" src=\"https:\/\/kemayutravel.com\/wp-content\/uploads\/2023\/01\/WhatsApp-Image-2023-01-21-at-12.34.27-AM-1-1-1024x683.jpeg\" alt=\"\" loading=\"lazy\" srcset=\"https:\/\/kemayutravel.com\/wp-content\/uploads\/2023\/01\/WhatsApp-Image-2023-01-21-at-12.34.27-AM-1-1-1024x683.jpeg 1024w, https:\/\/kemayutravel.com\/wp-content\/uploads\/2023\/01\/WhatsApp-Image-2023-01-21-at-12.34.27-AM-1-1-300x200.jpeg 300w, https:\/\/kemayutravel.com\/wp-content\/uploads\/2023\/01\/WhatsApp-Image-2023-01-21-at-12.34.27-AM-1-1-768x512.jpeg 768w, https:\/\/kemayutravel.com\/wp-content\/uploads\/2023\/01\/WhatsApp-Image-2023-01-21-at-12.34.27-AM-1-1-1536x1024.jpeg 1536w, https:\/\/kemayutravel.com\/wp-content\/uploads\/2023\/01\/WhatsApp-Image-2023-01-21-at-12.34.27-AM-1-1.jpeg 1599w\" sizes=\"auto, (max-width: 800px) 100vw, 800px\" \/>\t\t\t\t\t\t\t\t\t\t\t\t\t\t\t<\/p>\n<h3>\n\t\t\t\t\tsince<br \/>\n\t\t\t\t$485<br \/>\n\t\t\t\t<\/h3>\n<p>Salidas: Todos los d\u00edas excepto los lunes Disfruta de una experiencia inolvidable en Jordania.<\/p>\n<p>\t\t\t<a href=\"https:\/\/kemayutravel.com\/index.php\/tourist-package-jordan-legends\/\" role=\"button\"><br \/>\n\t\t\t\t\t\tCLICK HERE<br \/>\n\t\t\t\t\t<\/a><\/p>\n<style>\/*! elementor - v3.10.2 - 29-01-2023 *\/\n.elementor-column .elementor-spacer-inner{height:var(--spacer-size)}.e-con{--container-widget-width:100%}.e-con-inner>.elementor-widget-spacer,.e-con>.elementor-widget-spacer{width:var(--container-widget-width,var(--spacer-size));--align-self:var(--container-widget-align-self,initial);--flex-shrink:0}.e-con-inner>.elementor-widget-spacer>.elementor-widget-container,.e-con-inner>.elementor-widget-spacer>.elementor-widget-container>.elementor-spacer,.e-con>.elementor-widget-spacer>.elementor-widget-container,.e-con>.elementor-widget-spacer>.elementor-widget-container>.elementor-spacer{height:100%}.e-con-inner>.elementor-widget-spacer>.elementor-widget-container>.elementor-spacer>.elementor-spacer-inner,.e-con>.elementor-widget-spacer>.elementor-widget-container>.elementor-spacer>.elementor-spacer-inner{height:var(--container-widget-height,var(--spacer-size))}<\/style>\n<style>\/*! pro-elements - v3.8.0 - 30-10-2022 *\/\n.elementor-slides .swiper-slide-bg{background-size:cover;background-position:50%;background-repeat:no-repeat;min-width:100%;min-height:100%}.elementor-slides .swiper-slide-inner{background-repeat:no-repeat;background-position:50%;position:absolute;top:0;left:0;bottom:0;right:0;padding:50px;margin:auto}.elementor-slides .swiper-slide-inner,.elementor-slides .swiper-slide-inner:hover{color:#fff;display:-webkit-box;display:-ms-flexbox;display:flex}.elementor-slides .swiper-slide-inner .elementor-background-overlay{position:absolute;z-index:0;top:0;bottom:0;left:0;right:0}.elementor-slides .swiper-slide-inner .elementor-slide-content{position:relative;z-index:1;width:100%}.elementor-slides .swiper-slide-inner .elementor-slide-heading{font-size:35px;font-weight:700;line-height:1}.elementor-slides .swiper-slide-inner .elementor-slide-description{font-size:17px;line-height:1.4}.elementor-slides .swiper-slide-inner .elementor-slide-description:not(:last-child),.elementor-slides .swiper-slide-inner .elementor-slide-heading:not(:last-child){margin-bottom:30px}.elementor-slides .swiper-slide-inner .elementor-slide-button{border:2px solid #fff;color:#fff;background:transparent;display:inline-block}.elementor-slides .swiper-slide-inner .elementor-slide-button,.elementor-slides .swiper-slide-inner .elementor-slide-button:hover{background:transparent;color:inherit;text-decoration:none}.elementor--v-position-top .swiper-slide-inner{-webkit-box-align:start;-ms-flex-align:start;align-items:flex-start}.elementor--v-position-bottom .swiper-slide-inner{-webkit-box-align:end;-ms-flex-align:end;align-items:flex-end}.elementor--v-position-middle .swiper-slide-inner{-webkit-box-align:center;-ms-flex-align:center;align-items:center}.elementor--h-position-left .swiper-slide-inner{-webkit-box-pack:start;-ms-flex-pack:start;justify-content:flex-start}.elementor--h-position-right .swiper-slide-inner{-webkit-box-pack:end;-ms-flex-pack:end;justify-content:flex-end}.elementor--h-position-center .swiper-slide-inner{-webkit-box-pack:center;-ms-flex-pack:center;justify-content:center}body.rtl .elementor-widget-slides .elementor-swiper-button-next{left:10px;right:auto}body.rtl .elementor-widget-slides .elementor-swiper-button-prev{right:10px;left:auto}.elementor-slides-wrapper div:not(.swiper-slide)>.swiper-slide-inner{display:none}@media (max-width:767px){.elementor-slides .swiper-slide-inner{padding:30px}.elementor-slides .swiper-slide-inner .elementor-slide-heading{font-size:23px;line-height:1;margin-bottom:15px}.elementor-slides .swiper-slide-inner .elementor-slide-description{font-size:13px;line-height:1.4;margin-bottom:15px}}<\/style>\n<p>\t\t\t\t\t\t\t\t\t\tJORD\u00c1NJORD\u00c1NJORD\u00c1N<br \/>\n\t\t\t\t\t\t\t\t\t\t\t\t\t\tPrevious<br \/>\n\t\t\t\t\t\t\t\t\t\t\t\t\t\tNext<\/p>\n","protected":false},"excerpt":{"rendered":"<p>https:\/\/kemayutravel.com\/wp-content\/uploads\/2023\/01\/JordA\u00a1n-137573.mp4 JORD\u00c1N Anterior Siguiente Jordan is a far away and exotic country found in the Middle East, in Asia. The Arab influences are reflected in its architecture and its tourist sites, which are covered by a tradition that contains a mystical and surprising atmosphere. JORD\u00c1N TOUR PACKAGES Explore amazing landmarks, connect with history as you [&hellip;]<\/p>\n","protected":false},"author":1,"featured_media":0,"parent":0,"menu_order":0,"comment_status":"closed","ping_status":"closed","template":"","meta":{"_mi_skip_tracking":false,"footnotes":""},"class_list":["post-1461","page","type-page","status-publish","hentry"],"aioseo_notices":[],"_links":{"self":[{"href":"https:\/\/kemayutravel.com\/index.php\/wp-json\/wp\/v2\/pages\/1461","targetHints":{"allow":["GET"]}}],"collection":[{"href":"https:\/\/kemayutravel.com\/index.php\/wp-json\/wp\/v2\/pages"}],"about":[{"href":"https:\/\/kemayutravel.com\/index.php\/wp-json\/wp\/v2\/types\/page"}],"author":[{"embeddable":true,"href":"https:\/\/kemayutravel.com\/index.php\/wp-json\/wp\/v2\/users\/1"}],"replies":[{"embeddable":true,"href":"https:\/\/kemayutravel.com\/index.php\/wp-json\/wp\/v2\/comments?post=1461"}],"version-history":[{"count":36,"href":"https:\/\/kemayutravel.com\/index.php\/wp-json\/wp\/v2\/pages\/1461\/revisions"}],"predecessor-version":[{"id":3125,"href":"https:\/\/kemayutravel.com\/index.php\/wp-json\/wp\/v2\/pages\/1461\/revisions\/3125"}],"wp:attachment":[{"href":"https:\/\/kemayutravel.com\/index.php\/wp-json\/wp\/v2\/media?parent=1461"}],"curies":[{"name":"wp","href":"https:\/\/api.w.org\/{rel}","templated":true}]}}